{"id":1494,"date":"2024-04-12T21:36:51","date_gmt":"2024-04-12T21:36:51","guid":{"rendered":"https:\/\/www.opacificohotel.com\/terms-and-conditions-hotel-opacifico\/"},"modified":"2024-04-29T22:43:19","modified_gmt":"2024-04-29T22:43:19","slug":"terminos-y-condiciones-hotel-opacifico","status":"publish","type":"page","link":"https:\/\/www.opacificohotel.com\/es\/terminos-y-condiciones-hotel-opacifico\/","title":{"rendered":"T\u00e9rminos y Condiciones Hotel O\u2019Pacifico"},"content":{"rendered":"\t\t<div data-elementor-type=\"wp-page\" data-elementor-id=\"1494\" class=\"elementor elementor-1494 elementor-1317\" data-elementor-post-type=\"page\">\n\t\t\t\t\t\t<section class=\"elementor-section elementor-top-section elementor-element elementor-element-4879047b elementor-section-full_width elementor-section-content-middle elementor-section-stretched elementor-hidden-mobile elementor-section-height-default elementor-section-height-default elementor-invisible\" data-id=\"4879047b\" data-element_type=\"section\" data-e-type=\"section\" data-settings=\"{&quot;stretch_section&quot;:&quot;section-stretched&quot;,&quot;background_background&quot;:&quot;classic&quot;,&quot;animation&quot;:&quot;fadeIn&quot;}\">\n\t\t\t\t\t\t\t<div class=\"elementor-background-overlay\"><\/div>\n\t\t\t\t\t\t\t<div class=\"elementor-container elementor-column-gap-default\">\n\t\t\t\t\t<div class=\"elementor-column elementor-col-100 elementor-top-column elementor-element elementor-element-6663a23\" data-id=\"6663a23\" data-element_type=\"column\" data-e-type=\"column\">\n\t\t\t<div class=\"elementor-widget-wrap\">\n\t\t\t\t\t\t\t<\/div>\n\t\t<\/div>\n\t\t\t\t\t<\/div>\n\t\t<\/section>\n\t\t\t\t<section class=\"elementor-section elementor-top-section elementor-element elementor-element-ec58974 elementor-section-full_width elementor-section-content-middle elementor-section-stretched elementor-section-height-default elementor-section-height-default elementor-invisible\" data-id=\"ec58974\" data-element_type=\"section\" data-e-type=\"section\" data-settings=\"{&quot;stretch_section&quot;:&quot;section-stretched&quot;,&quot;background_background&quot;:&quot;classic&quot;,&quot;animation&quot;:&quot;fadeIn&quot;}\">\n\t\t\t\t\t\t\t<div class=\"elementor-background-overlay\"><\/div>\n\t\t\t\t\t\t\t<div class=\"elementor-container elementor-column-gap-default\">\n\t\t\t\t\t<div class=\"elementor-column elementor-col-100 elementor-top-column elementor-element elementor-element-52b98ae elementor-invisible\" data-id=\"52b98ae\" data-element_type=\"column\" data-e-type=\"column\" data-settings=\"{&quot;animation&quot;:&quot;fadeInLeft&quot;}\">\n\t\t\t<div class=\"elementor-widget-wrap elementor-element-populated\">\n\t\t\t\t\t\t<div class=\"elementor-element elementor-element-c7b3eef elementor-widget elementor-widget-heading\" data-id=\"c7b3eef\" data-element_type=\"widget\" data-e-type=\"widget\" data-widget_type=\"heading.default\">\n\t\t\t\t<div class=\"elementor-widget-container\">\n\t\t\t\t\t<h2 class=\"elementor-heading-title elementor-size-default\">T\u00e9rminos y Condiciones Hotel O\u2019Pac\u00edfico<\/h2>\t\t\t\t<\/div>\n\t\t\t\t<\/div>\n\t\t\t\t<div class=\"elementor-element elementor-element-e8abd0f elementor-widget elementor-widget-heading\" data-id=\"e8abd0f\" data-element_type=\"widget\" data-e-type=\"widget\" data-widget_type=\"heading.default\">\n\t\t\t\t<div class=\"elementor-widget-container\">\n\t\t\t\t\t<h2 class=\"elementor-heading-title elementor-size-default\">Pol\u00edticas de Cancelaci\u00f3n de OPac\u00edfico<\/h2>\t\t\t\t<\/div>\n\t\t\t\t<\/div>\n\t\t\t\t<div class=\"elementor-element elementor-element-30c96e3 elementor-widget-divider--view-line elementor-widget elementor-widget-divider\" data-id=\"30c96e3\" data-element_type=\"widget\" data-e-type=\"widget\" data-widget_type=\"divider.default\">\n\t\t\t\t<div class=\"elementor-widget-container\">\n\t\t\t\t\t\t\t<div class=\"elementor-divider\">\n\t\t\t<span class=\"elementor-divider-separator\">\n\t\t\t\t\t\t<\/span>\n\t\t<\/div>\n\t\t\t\t\t\t<\/div>\n\t\t\t\t<\/div>\n\t\t\t\t<div class=\"elementor-element elementor-element-984f388 elementor-widget elementor-widget-text-editor\" data-id=\"984f388\" data-element_type=\"widget\" data-e-type=\"widget\" data-widget_type=\"text-editor.default\">\n\t\t\t\t<div class=\"elementor-widget-container\">\n\t\t\t\t\t\t\t\t\t<p><strong>Flexible \u2013 14 d\u00edas<\/strong><br \/>El cliente podr\u00e1 cancelar la reserva de forma gratuita hasta 14 d\u00edas antes de la fecha de llegada. El cliente deber\u00e1 abonar el precio \u00edntegro de la reserva si cancela durante los 14 d\u00edas anteriores a la fecha de llegada. No se requiere pago por adelantado.<\/p><p><strong>Flexible \u2013 7 d\u00edas<\/strong><br \/>El cliente podr\u00e1 cancelar la reserva de forma gratuita hasta 7 d\u00edas antes de la fecha de llegada. El cliente deber\u00e1 abonar el precio \u00edntegro de la reserva si cancela durante los 7 d\u00edas anteriores a la fecha de llegada. No se requiere pago por adelantado.<\/p><p><strong>Flexible \u2013 5 d\u00edas<\/strong><br \/>El cliente podr\u00e1 cancelar la reserva de forma gratuita hasta 5 d\u00edas antes de la fecha de llegada. El cliente tendr\u00e1 que pagar<br \/>el precio de la primera noche si se cancela dentro de los 5 d\u00edas anteriores a la fecha de llegada. No se requiere pago por adelantado.<\/p><p><strong>No reembolsable<\/strong><br \/>El cliente deber\u00e1 abonar el precio \u00edntegro de la reserva si cancela en cualquier momento. El cliente deber\u00e1 abonar por adelantado el precio total de la reserva en cualquier momento.<\/p>\t\t\t\t\t\t\t\t<\/div>\n\t\t\t\t<\/div>\n\t\t\t\t\t<\/div>\n\t\t<\/div>\n\t\t\t\t\t<\/div>\n\t\t<\/section>\n\t\t\t\t<\/div>\n\t\t","protected":false},"excerpt":{"rendered":"<p>T\u00e9rminos y Condiciones Hotel O\u2019Pac\u00edfico Pol\u00edticas de Cancelaci\u00f3n de OPac\u00edfico Flexible \u2013 14 d\u00edasEl cliente podr\u00e1 cancelar la reserva de forma gratuita hasta 14 d\u00edas antes de la fecha de llegada. El cliente deber\u00e1 abonar el precio \u00edntegro de la reserva si cancela durante los 14 d\u00edas anteriores a la fecha de llegada. No se [&hellip;]<\/p>\n","protected":false},"author":1,"featured_media":0,"parent":0,"menu_order":0,"comment_status":"closed","ping_status":"closed","template":"","meta":{"_joinchat":[],"footnotes":""},"class_list":["post-1494","page","type-page","status-publish","hentry"],"yoast_head":"<!-- This site is optimized with the Yoast SEO plugin v26.9 - https:\/\/yoast.com\/product\/yoast-seo-wordpress\/ -->\n<title>T\u00e9rminos y Condiciones Hotel O\u2019Pacifico - OPacifico Hotel Boutique<\/title>\n<meta name=\"robots\" content=\"index, follow, max-snippet:-1, max-image-preview:large, max-video-preview:-1\" \/>\n<link rel=\"canonical\" href=\"https:\/\/www.opacificohotel.com\/es\/terminos-y-condiciones-hotel-opacifico\/\" \/>\n<meta property=\"og:locale\" content=\"es_ES\" \/>\n<meta property=\"og:type\" content=\"article\" \/>\n<meta property=\"og:title\" content=\"T\u00e9rminos y Condiciones Hotel O\u2019Pacifico - OPacifico Hotel Boutique\" \/>\n<meta property=\"og:description\" content=\"T\u00e9rminos y Condiciones Hotel O\u2019Pac\u00edfico Pol\u00edticas de Cancelaci\u00f3n de OPac\u00edfico Flexible \u2013 14 d\u00edasEl cliente podr\u00e1 cancelar la reserva de forma gratuita hasta 14 d\u00edas antes de la fecha de llegada. El cliente deber\u00e1 abonar el precio \u00edntegro de la reserva si cancela durante los 14 d\u00edas anteriores a la fecha de llegada. No se [&hellip;]\" \/>\n<meta property=\"og:url\" content=\"https:\/\/www.opacificohotel.com\/es\/terminos-y-condiciones-hotel-opacifico\/\" \/>\n<meta property=\"og:site_name\" content=\"OPacifico Hotel Boutique\" \/>\n<meta property=\"article:publisher\" content=\"https:\/\/www.facebook.com\/OPacificoHotel\/\" \/>\n<meta property=\"article:modified_time\" content=\"2024-04-29T22:43:19+00:00\" \/>\n<meta property=\"og:image\" content=\"https:\/\/www.opacificohotel.com\/wp-content\/uploads\/2024\/03\/intro-2.jpg\" \/>\n\t<meta property=\"og:image:width\" content=\"1024\" \/>\n\t<meta property=\"og:image:height\" content=\"683\" \/>\n\t<meta property=\"og:image:type\" content=\"image\/jpeg\" \/>\n<meta name=\"twitter:card\" content=\"summary_large_image\" \/>\n<meta name=\"twitter:label1\" content=\"Tiempo de lectura\" \/>\n\t<meta name=\"twitter:data1\" content=\"1 minuto\" \/>\n<script type=\"application\/ld+json\" class=\"yoast-schema-graph\">{\"@context\":\"https:\/\/schema.org\",\"@graph\":[{\"@type\":\"WebPage\",\"@id\":\"https:\/\/www.opacificohotel.com\/es\/terminos-y-condiciones-hotel-opacifico\/\",\"url\":\"https:\/\/www.opacificohotel.com\/es\/terminos-y-condiciones-hotel-opacifico\/\",\"name\":\"T\u00e9rminos y Condiciones Hotel O\u2019Pacifico - OPacifico Hotel Boutique\",\"isPartOf\":{\"@id\":\"https:\/\/www.opacificohotel.com\/es\/#website\"},\"datePublished\":\"2024-04-12T21:36:51+00:00\",\"dateModified\":\"2024-04-29T22:43:19+00:00\",\"breadcrumb\":{\"@id\":\"https:\/\/www.opacificohotel.com\/es\/terminos-y-condiciones-hotel-opacifico\/#breadcrumb\"},\"inLanguage\":\"es\",\"potentialAction\":[{\"@type\":\"ReadAction\",\"target\":[\"https:\/\/www.opacificohotel.com\/es\/terminos-y-condiciones-hotel-opacifico\/\"]}]},{\"@type\":\"BreadcrumbList\",\"@id\":\"https:\/\/www.opacificohotel.com\/es\/terminos-y-condiciones-hotel-opacifico\/#breadcrumb\",\"itemListElement\":[{\"@type\":\"ListItem\",\"position\":1,\"name\":\"Home\",\"item\":\"https:\/\/www.opacificohotel.com\/es\/\"},{\"@type\":\"ListItem\",\"position\":2,\"name\":\"T\u00e9rminos y Condiciones Hotel O\u2019Pacifico\"}]},{\"@type\":\"WebSite\",\"@id\":\"https:\/\/www.opacificohotel.com\/es\/#website\",\"url\":\"https:\/\/www.opacificohotel.com\/es\/\",\"name\":\"OPacifico Hotel Boutique\",\"description\":\"Overlooking the sea Playa Naranjo, Costa Rica\",\"publisher\":{\"@id\":\"https:\/\/www.opacificohotel.com\/es\/#organization\"},\"potentialAction\":[{\"@type\":\"SearchAction\",\"target\":{\"@type\":\"EntryPoint\",\"urlTemplate\":\"https:\/\/www.opacificohotel.com\/es\/?s={search_term_string}\"},\"query-input\":{\"@type\":\"PropertyValueSpecification\",\"valueRequired\":true,\"valueName\":\"search_term_string\"}}],\"inLanguage\":\"es\"},{\"@type\":\"Organization\",\"@id\":\"https:\/\/www.opacificohotel.com\/es\/#organization\",\"name\":\"OPacifico Hotel Boutique\",\"url\":\"https:\/\/www.opacificohotel.com\/es\/\",\"logo\":{\"@type\":\"ImageObject\",\"inLanguage\":\"es\",\"@id\":\"https:\/\/www.opacificohotel.com\/es\/#\/schema\/logo\/image\/\",\"url\":\"https:\/\/www.opacificohotel.com\/wp-content\/uploads\/2024\/08\/logo-h-web-opacifich.png\",\"contentUrl\":\"https:\/\/www.opacificohotel.com\/wp-content\/uploads\/2024\/08\/logo-h-web-opacifich.png\",\"width\":640,\"height\":150,\"caption\":\"OPacifico Hotel Boutique\"},\"image\":{\"@id\":\"https:\/\/www.opacificohotel.com\/es\/#\/schema\/logo\/image\/\"},\"sameAs\":[\"https:\/\/www.facebook.com\/OPacificoHotel\/\",\"https:\/\/www.instagram.com\/opacificohotel\/\"]}]}<\/script>\n<!-- \/ Yoast SEO plugin. -->","yoast_head_json":{"title":"T\u00e9rminos y Condiciones Hotel O\u2019Pacifico - OPacifico Hotel Boutique","robots":{"index":"index","follow":"follow","max-snippet":"max-snippet:-1","max-image-preview":"max-image-preview:large","max-video-preview":"max-video-preview:-1"},"canonical":"https:\/\/www.opacificohotel.com\/es\/terminos-y-condiciones-hotel-opacifico\/","og_locale":"es_ES","og_type":"article","og_title":"T\u00e9rminos y Condiciones Hotel O\u2019Pacifico - OPacifico Hotel Boutique","og_description":"T\u00e9rminos y Condiciones Hotel O\u2019Pac\u00edfico Pol\u00edticas de Cancelaci\u00f3n de OPac\u00edfico Flexible \u2013 14 d\u00edasEl cliente podr\u00e1 cancelar la reserva de forma gratuita hasta 14 d\u00edas antes de la fecha de llegada. El cliente deber\u00e1 abonar el precio \u00edntegro de la reserva si cancela durante los 14 d\u00edas anteriores a la fecha de llegada. No se [&hellip;]","og_url":"https:\/\/www.opacificohotel.com\/es\/terminos-y-condiciones-hotel-opacifico\/","og_site_name":"OPacifico Hotel Boutique","article_publisher":"https:\/\/www.facebook.com\/OPacificoHotel\/","article_modified_time":"2024-04-29T22:43:19+00:00","og_image":[{"width":1024,"height":683,"url":"https:\/\/www.opacificohotel.com\/wp-content\/uploads\/2024\/03\/intro-2.jpg","type":"image\/jpeg"}],"twitter_card":"summary_large_image","twitter_misc":{"Tiempo de lectura":"1 minuto"},"schema":{"@context":"https:\/\/schema.org","@graph":[{"@type":"WebPage","@id":"https:\/\/www.opacificohotel.com\/es\/terminos-y-condiciones-hotel-opacifico\/","url":"https:\/\/www.opacificohotel.com\/es\/terminos-y-condiciones-hotel-opacifico\/","name":"T\u00e9rminos y Condiciones Hotel O\u2019Pacifico - OPacifico Hotel Boutique","isPartOf":{"@id":"https:\/\/www.opacificohotel.com\/es\/#website"},"datePublished":"2024-04-12T21:36:51+00:00","dateModified":"2024-04-29T22:43:19+00:00","breadcrumb":{"@id":"https:\/\/www.opacificohotel.com\/es\/terminos-y-condiciones-hotel-opacifico\/#breadcrumb"},"inLanguage":"es","potentialAction":[{"@type":"ReadAction","target":["https:\/\/www.opacificohotel.com\/es\/terminos-y-condiciones-hotel-opacifico\/"]}]},{"@type":"BreadcrumbList","@id":"https:\/\/www.opacificohotel.com\/es\/terminos-y-condiciones-hotel-opacifico\/#breadcrumb","itemListElement":[{"@type":"ListItem","position":1,"name":"Home","item":"https:\/\/www.opacificohotel.com\/es\/"},{"@type":"ListItem","position":2,"name":"T\u00e9rminos y Condiciones Hotel O\u2019Pacifico"}]},{"@type":"WebSite","@id":"https:\/\/www.opacificohotel.com\/es\/#website","url":"https:\/\/www.opacificohotel.com\/es\/","name":"OPacifico Hotel Boutique","description":"Overlooking the sea Playa Naranjo, Costa Rica","publisher":{"@id":"https:\/\/www.opacificohotel.com\/es\/#organization"},"potentialAction":[{"@type":"SearchAction","target":{"@type":"EntryPoint","urlTemplate":"https:\/\/www.opacificohotel.com\/es\/?s={search_term_string}"},"query-input":{"@type":"PropertyValueSpecification","valueRequired":true,"valueName":"search_term_string"}}],"inLanguage":"es"},{"@type":"Organization","@id":"https:\/\/www.opacificohotel.com\/es\/#organization","name":"OPacifico Hotel Boutique","url":"https:\/\/www.opacificohotel.com\/es\/","logo":{"@type":"ImageObject","inLanguage":"es","@id":"https:\/\/www.opacificohotel.com\/es\/#\/schema\/logo\/image\/","url":"https:\/\/www.opacificohotel.com\/wp-content\/uploads\/2024\/08\/logo-h-web-opacifich.png","contentUrl":"https:\/\/www.opacificohotel.com\/wp-content\/uploads\/2024\/08\/logo-h-web-opacifich.png","width":640,"height":150,"caption":"OPacifico Hotel Boutique"},"image":{"@id":"https:\/\/www.opacificohotel.com\/es\/#\/schema\/logo\/image\/"},"sameAs":["https:\/\/www.facebook.com\/OPacificoHotel\/","https:\/\/www.instagram.com\/opacificohotel\/"]}]}},"_links":{"self":[{"href":"https:\/\/www.opacificohotel.com\/es\/wp-json\/wp\/v2\/pages\/1494","targetHints":{"allow":["GET"]}}],"collection":[{"href":"https:\/\/www.opacificohotel.com\/es\/wp-json\/wp\/v2\/pages"}],"about":[{"href":"https:\/\/www.opacificohotel.com\/es\/wp-json\/wp\/v2\/types\/page"}],"author":[{"embeddable":true,"href":"https:\/\/www.opacificohotel.com\/es\/wp-json\/wp\/v2\/users\/1"}],"replies":[{"embeddable":true,"href":"https:\/\/www.opacificohotel.com\/es\/wp-json\/wp\/v2\/comments?post=1494"}],"version-history":[{"count":8,"href":"https:\/\/www.opacificohotel.com\/es\/wp-json\/wp\/v2\/pages\/1494\/revisions"}],"predecessor-version":[{"id":1567,"href":"https:\/\/www.opacificohotel.com\/es\/wp-json\/wp\/v2\/pages\/1494\/revisions\/1567"}],"wp:attachment":[{"href":"https:\/\/www.opacificohotel.com\/es\/wp-json\/wp\/v2\/media?parent=1494"}],"curies":[{"name":"wp","href":"https:\/\/api.w.org\/{rel}","templated":true}]}}