{"id":2346,"date":"2025-09-08T15:41:21","date_gmt":"2025-09-08T15:41:21","guid":{"rendered":"https:\/\/www.opacificohotel.com\/?page_id=2346"},"modified":"2026-02-18T07:02:00","modified_gmt":"2026-02-18T07:02:00","slug":"como-llegar","status":"publish","type":"page","link":"https:\/\/www.opacificohotel.com\/es\/como-llegar\/","title":{"rendered":"C\u00f3mo llegar"},"content":{"rendered":"\t\t<div data-elementor-type=\"wp-page\" data-elementor-id=\"2346\" class=\"elementor elementor-2346\" data-elementor-post-type=\"page\">\n\t\t\t\t\t\t<section class=\"elementor-section elementor-top-section elementor-element elementor-element-36e4cc5 elementor-section-full_width elementor-section-content-middle elementor-section-stretched elementor-hidden-mobile elementor-section-height-default elementor-section-height-default elementor-invisible\" data-id=\"36e4cc5\" data-element_type=\"section\" data-e-type=\"section\" data-settings=\"{&quot;stretch_section&quot;:&quot;section-stretched&quot;,&quot;background_background&quot;:&quot;classic&quot;,&quot;animation&quot;:&quot;fadeIn&quot;}\">\n\t\t\t\t\t\t\t<div class=\"elementor-background-overlay\"><\/div>\n\t\t\t\t\t\t\t<div class=\"elementor-container elementor-column-gap-default\">\n\t\t\t\t\t<div class=\"elementor-column elementor-col-100 elementor-top-column elementor-element elementor-element-bef7de9\" data-id=\"bef7de9\" data-element_type=\"column\" data-e-type=\"column\">\n\t\t\t<div class=\"elementor-widget-wrap\">\n\t\t\t\t\t\t\t<\/div>\n\t\t<\/div>\n\t\t\t\t\t<\/div>\n\t\t<\/section>\n\t\t\t\t<section class=\"elementor-section elementor-top-section elementor-element elementor-element-ec58974 elementor-section-full_width elementor-section-content-middle elementor-section-stretched elementor-section-height-default elementor-section-height-default elementor-invisible\" data-id=\"ec58974\" data-element_type=\"section\" data-e-type=\"section\" data-settings=\"{&quot;stretch_section&quot;:&quot;section-stretched&quot;,&quot;background_background&quot;:&quot;classic&quot;,&quot;animation&quot;:&quot;fadeIn&quot;}\">\n\t\t\t\t\t\t\t<div class=\"elementor-background-overlay\"><\/div>\n\t\t\t\t\t\t\t<div class=\"elementor-container elementor-column-gap-default\">\n\t\t\t\t\t<div class=\"elementor-column elementor-col-100 elementor-top-column elementor-element elementor-element-52b98ae elementor-invisible\" data-id=\"52b98ae\" data-element_type=\"column\" data-e-type=\"column\" data-settings=\"{&quot;animation&quot;:&quot;fadeInLeft&quot;}\">\n\t\t\t<div class=\"elementor-widget-wrap elementor-element-populated\">\n\t\t\t\t\t\t<div class=\"elementor-element elementor-element-c7b3eef elementor-widget elementor-widget-heading\" data-id=\"c7b3eef\" data-element_type=\"widget\" data-e-type=\"widget\" data-widget_type=\"heading.default\">\n\t\t\t\t<div class=\"elementor-widget-container\">\n\t\t\t\t\t<h2 class=\"elementor-heading-title elementor-size-default\">C\u00f3mo llegar<\/h2>\t\t\t\t<\/div>\n\t\t\t\t<\/div>\n\t\t\t\t<div class=\"elementor-element elementor-element-c554ef7 elementor-widget-divider--view-line elementor-widget elementor-widget-divider\" data-id=\"c554ef7\" data-element_type=\"widget\" data-e-type=\"widget\" data-widget_type=\"divider.default\">\n\t\t\t\t<div class=\"elementor-widget-container\">\n\t\t\t\t\t\t\t<div class=\"elementor-divider\">\n\t\t\t<span class=\"elementor-divider-separator\">\n\t\t\t\t\t\t<\/span>\n\t\t<\/div>\n\t\t\t\t\t\t<\/div>\n\t\t\t\t<\/div>\n\t\t\t\t<div class=\"elementor-element elementor-element-96831d3 elementor-widget elementor-widget-text-editor\" data-id=\"96831d3\" data-element_type=\"widget\" data-e-type=\"widget\" data-widget_type=\"text-editor.default\">\n\t\t\t\t<div class=\"elementor-widget-container\">\n\t\t\t\t\t\t\t\t\t<h5>O\u00b4Pac\u00edfico Hotel se encuentra ubicado en Puntarenas, Playa Naranjo.\u00a0<\/h5>\t\t\t\t\t\t\t\t<\/div>\n\t\t\t\t<\/div>\n\t\t\t\t<div class=\"elementor-element elementor-element-132ea90 elementor-widget-divider--view-line elementor-widget elementor-widget-divider\" data-id=\"132ea90\" data-element_type=\"widget\" data-e-type=\"widget\" data-widget_type=\"divider.default\">\n\t\t\t\t<div class=\"elementor-widget-container\">\n\t\t\t\t\t\t\t<div class=\"elementor-divider\">\n\t\t\t<span class=\"elementor-divider-separator\">\n\t\t\t\t\t\t<\/span>\n\t\t<\/div>\n\t\t\t\t\t\t<\/div>\n\t\t\t\t<\/div>\n\t\t\t\t<section class=\"elementor-section elementor-inner-section elementor-element elementor-element-0a64c24 elementor-section-boxed elementor-section-height-default elementor-section-height-default\" data-id=\"0a64c24\" data-element_type=\"section\" data-e-type=\"section\">\n\t\t\t\t\t\t<div class=\"elementor-container elementor-column-gap-default\">\n\t\t\t\t\t<div class=\"elementor-column elementor-col-100 elementor-inner-column elementor-element elementor-element-5db9206\" data-id=\"5db9206\" data-element_type=\"column\" data-e-type=\"column\">\n\t\t\t<div class=\"elementor-widget-wrap elementor-element-populated\">\n\t\t\t\t\t\t<div class=\"elementor-element elementor-element-e1d2271 elementor-widget elementor-widget-n-accordion\" data-id=\"e1d2271\" data-element_type=\"widget\" data-e-type=\"widget\" data-settings=\"{&quot;default_state&quot;:&quot;expanded&quot;,&quot;max_items_expended&quot;:&quot;one&quot;,&quot;n_accordion_animation_duration&quot;:{&quot;unit&quot;:&quot;ms&quot;,&quot;size&quot;:400,&quot;sizes&quot;:[]}}\" data-widget_type=\"nested-accordion.default\">\n\t\t\t\t<div class=\"elementor-widget-container\">\n\t\t\t\t\t\t\t<div class=\"e-n-accordion\" aria-label=\"Accordion. Open links with Enter or Space, close with Escape, and navigate with Arrow Keys\">\n\t\t\t\t\t\t<details id=\"e-n-accordion-item-2360\" class=\"e-n-accordion-item\" open>\n\t\t\t\t<summary class=\"e-n-accordion-item-title\" data-accordion-index=\"1\" tabindex=\"0\" aria-expanded=\"true\" aria-controls=\"e-n-accordion-item-2360\" >\n\t\t\t\t\t<span class='e-n-accordion-item-title-header'><div class=\"e-n-accordion-item-title-text\"> Ver opciones en carretera <\/div><\/span>\n\t\t\t\t\t\t\t<span class='e-n-accordion-item-title-icon'>\n\t\t\t<span class='e-opened' ><svg aria-hidden=\"true\" class=\"e-font-icon-svg e-fas-minus\" viewBox=\"0 0 448 512\" xmlns=\"http:\/\/www.w3.org\/2000\/svg\"><path d=\"M416 208H32c-17.67 0-32 14.33-32 32v32c0 17.67 14.33 32 32 32h384c17.67 0 32-14.33 32-32v-32c0-17.67-14.33-32-32-32z\"><\/path><\/svg><\/span>\n\t\t\t<span class='e-closed'><svg aria-hidden=\"true\" class=\"e-font-icon-svg e-fas-plus\" viewBox=\"0 0 448 512\" xmlns=\"http:\/\/www.w3.org\/2000\/svg\"><path d=\"M416 208H272V64c0-17.67-14.33-32-32-32h-32c-17.67 0-32 14.33-32 32v144H32c-17.67 0-32 14.33-32 32v32c0 17.67 14.33 32 32 32h144v144c0 17.67 14.33 32 32 32h32c17.67 0 32-14.33 32-32V304h144c17.67 0 32-14.33 32-32v-32c0-17.67-14.33-32-32-32z\"><\/path><\/svg><\/span>\n\t\t<\/span>\n\n\t\t\t\t\t\t<\/summary>\n\t\t\t\t<div role=\"region\" aria-labelledby=\"e-n-accordion-item-2360\" class=\"elementor-element elementor-element-64545ac e-con-full e-flex e-con e-child\" data-id=\"64545ac\" data-element_type=\"container\" data-e-type=\"container\">\n\t\t<div role=\"region\" aria-labelledby=\"e-n-accordion-item-2360\" class=\"elementor-element elementor-element-e74d6cd e-flex e-con-boxed e-con e-child\" data-id=\"e74d6cd\" data-element_type=\"container\" data-e-type=\"container\">\n\t\t\t\t\t<div class=\"e-con-inner\">\n\t\t\t\t<div class=\"elementor-element elementor-element-fab278d elementor-widget elementor-widget-text-editor\" data-id=\"fab278d\" data-element_type=\"widget\" data-e-type=\"widget\" data-widget_type=\"text-editor.default\">\n\t\t\t\t<div class=\"elementor-widget-container\">\n\t\t\t\t\t\t\t\t\t<ul><li><strong>Desde el Aeropuerto Internacional Juan Santamar\u00eda (SJO) <\/strong>la v\u00eda m\u00e1s r\u00e1pida es la autopista 27 hacia Puntarenas, buscando el puerto de salida del ferry a Playa Naranjo. El ferry dura aproximadamente 1 hora y 30 minutos y ofrece hermosas vistas del Golfo de Nicoya. De la salida del atracadero, son 600 metros hasta el Hotel O\u00b4Pac\u00edfico.<ul><li>Duraci\u00f3n total del recorrido: aproximadamente 2h 30min<\/li><li>Recomendamos comprar previo su tiquete para evitar filas<\/li><\/ul><\/li><\/ul><p data-path-to-node=\"0\">Para llegar a OPac\u00edfico Hotel Boutique, la opci\u00f3n ideal y directa es el <strong>Ferry a Playa Naranjo (Coonatramar), y<\/strong>a que la terminal est\u00e1 casi al lado del hotel.<\/p><p data-path-to-node=\"1\">Si utilizas el Ferry a Paquera (Naviera Tambor), deber\u00e1s conducir unos 40 minutos adicionales (30 km) por la Ruta 160.<\/p><p data-path-to-node=\"2\"><b data-path-to-node=\"2\" data-index-in-node=\"0\">Importante:<\/b> Verifica los horarios diarios y reserva con antelaci\u00f3n, ya que el \u00faltimo servicio suele salir entre las 6:00 PM y 8:00 PM.<\/p>\t\t\t\t\t\t\t\t<\/div>\n\t\t\t\t<\/div>\n\t\t\t\t<div class=\"elementor-element elementor-element-73a7fb3 elementor-align-center elementor-widget__width-initial elementor-widget elementor-widget-raven-button\" data-id=\"73a7fb3\" data-element_type=\"widget\" data-e-type=\"widget\" data-settings=\"{&quot;turn_to_popup_action_button&quot;:&quot;no&quot;}\" data-widget_type=\"raven-button.default\">\n\t\t\t\t<div class=\"elementor-widget-container\">\n\t\t\t\t\t\t\t<div class=\"raven-widget-wrapper\">\n\t\t\t<a class=\"raven-button raven-button-widget-normal-effect-none elementor-button raven-button-text-align-center raven-button-link elementor-animation-shrink\" href=\"https:\/\/coonatramar.com\/\" target=\"_blank\">\t\t\t\t<div class=\"raven-button-overlay\" ><\/div>\n\t\t\t\t<span class=\"raven-button-content\">\n\t\t\t\t\t\n\t\t\t\t\t<div class=\"button-text-container\">\n\t\t\t\t\t\t\t\t\t\t\t\t<div class=\"raven-button-texts-wrapper\">\n\t\t\t\t\t\t\t<div class=\"button-text\">\n\t\t\t\t\t\t\t\t<span class=\"raven-button-text\">\n\t\t\t\t\t\t\t\t\t Compre su ticket del Ferry\t\t\t\t\t\t\t\t<\/span>\n\t\t\t\t\t\t\t<\/div>\n\t\t\t\t\t\t\t\t\t\t\t\t\t<\/div>\n\t\t\t\t\t\t\t\t\t\t\t<\/div>\n\t\t\t\t\t\n\t\t\t\t\t\t\t\t\t<\/span>\n\t\t\t<\/a>\t\t<\/div>\n\t\t\t\t\t\t<\/div>\n\t\t\t\t<\/div>\n\t\t\t\t<div class=\"elementor-element elementor-element-3c3be56 elementor-widget elementor-widget-text-editor\" data-id=\"3c3be56\" data-element_type=\"widget\" data-e-type=\"widget\" data-widget_type=\"text-editor.default\">\n\t\t\t\t<div class=\"elementor-widget-container\">\n\t\t\t\t\t\t\t\t\t<div><br><\/div><div><br><\/div><ul>\n<li>Desde el <b data-path-to-node=\"0\" data-index-in-node=\"49\">Aeropuerto Internacional Daniel Oduber Quir\u00f3s (LIR)<\/b>&nbsp; conducir\u00e1s hacia el sur atravesando gran parte de la pen\u00ednsula de Nicoya, pasando por zonas como Comunidad, Filadelfia y Santa Cruz, hasta llegar a Playa Naranjo. A diferencia de la ruta desde San Jos\u00e9, desde Liberia <b data-path-to-node=\"2\" data-index-in-node=\"261\">no es necesario tomar el ferry<\/b>, ya que viajar\u00e1s directamente por carretera a trav\u00e9s de la provincia de Guanacaste.<ul>\n<li>Duraci\u00f3n: aproximadamente 2h 30min.<\/li>\n<\/ul>\n<\/li>\n<\/ul>\t\t\t\t\t\t\t\t<\/div>\n\t\t\t\t<\/div>\n\t\t\t\t\t<\/div>\n\t\t\t\t<\/div>\n\t\t\t\t<\/div>\n\t\t\t\t\t<\/details>\n\t\t\t\t\t<\/div>\n\t\t\t\t\t\t<\/div>\n\t\t\t\t<\/div>\n\t\t\t\t<div class=\"elementor-element elementor-element-46d305e elementor-align-center elementor-widget__width-initial elementor-widget elementor-widget-raven-button\" data-id=\"46d305e\" data-element_type=\"widget\" data-e-type=\"widget\" data-settings=\"{&quot;turn_to_popup_action_button&quot;:&quot;no&quot;}\" data-widget_type=\"raven-button.default\">\n\t\t\t\t<div class=\"elementor-widget-container\">\n\t\t\t\t\t\t\t<div class=\"raven-widget-wrapper\">\n\t\t\t<a class=\"raven-button raven-button-widget-normal-effect-none elementor-button raven-button-text-align-center raven-button-link elementor-animation-shrink\" href=\"https:\/\/api.whatsapp.com\/send\/?phone=50684033333\" target=\"_blank\">\t\t\t\t<div class=\"raven-button-overlay\" ><\/div>\n\t\t\t\t<span class=\"raven-button-content\">\n\t\t\t\t\t\n\t\t\t\t\t<div class=\"button-text-container\">\n\t\t\t\t\t\t\t\t\t\t\t\t<div class=\"raven-button-texts-wrapper\">\n\t\t\t\t\t\t\t<div class=\"button-text\">\n\t\t\t\t\t\t\t\t<span class=\"raven-button-text\">\n\t\t\t\t\t\t\t\t\tCONT\u00c1CTENOS\t\t\t\t\t\t\t\t<\/span>\n\t\t\t\t\t\t\t<\/div>\n\t\t\t\t\t\t\t\t\t\t\t\t\t<\/div>\n\t\t\t\t\t\t\t\t\t\t\t<\/div>\n\t\t\t\t\t\n\t\t\t\t\t\t\t\t\t<\/span>\n\t\t\t<\/a>\t\t<\/div>\n\t\t\t\t\t\t<\/div>\n\t\t\t\t<\/div>\n\t\t\t\t<div class=\"elementor-element elementor-element-527e357 elementor-align-center elementor-widget__width-initial elementor-widget elementor-widget-raven-button\" data-id=\"527e357\" data-element_type=\"widget\" data-e-type=\"widget\" data-settings=\"{&quot;turn_to_popup_action_button&quot;:&quot;no&quot;}\" data-widget_type=\"raven-button.default\">\n\t\t\t\t<div class=\"elementor-widget-container\">\n\t\t\t\t\t\t\t<div class=\"raven-widget-wrapper\">\n\t\t\t<a class=\"raven-button raven-button-widget-normal-effect-none elementor-button raven-button-text-align-center raven-button-link elementor-animation-shrink\" href=\"https:\/\/www.waze.com\/en\/live-map\/directions\/opacifico-hotel-playa-naranjo,-puntarenas?place=w.180224099.1802437602.26166298&#038;utm_campaign=waze_website&#038;utm_medium=website_menu&#038;utm_source=waze_website\" target=\"_blank\">\t\t\t\t<div class=\"raven-button-overlay\" ><\/div>\n\t\t\t\t<span class=\"raven-button-content\">\n\t\t\t\t\t\n\t\t\t\t\t<div class=\"button-text-container\">\n\t\t\t\t\t\t\t\t\t<span class=\"raven-button-icon raven-button-icon-position-left\">\n\t\t\t\t<svg aria-hidden=\"true\" class=\"e-font-icon-svg e-fab-waze\" viewBox=\"0 0 512 512\" xmlns=\"http:\/\/www.w3.org\/2000\/svg\"><path d=\"M502.17 201.67C516.69 287.53 471.23 369.59 389 409.8c13 34.1-12.4 70.2-48.32 70.2a51.68 51.68 0 0 1-51.57-49c-6.44.19-64.2 0-76.33-.64A51.69 51.69 0 0 1 159 479.92c-33.86-1.36-57.95-34.84-47-67.92-37.21-13.11-72.54-34.87-99.62-70.8-13-17.28-.48-41.8 20.84-41.8 46.31 0 32.22-54.17 43.15-110.26C94.8 95.2 193.12 32 288.09 32c102.48 0 197.15 70.67 214.08 169.67zM373.51 388.28c42-19.18 81.33-56.71 96.29-102.14 40.48-123.09-64.15-228-181.71-228-83.45 0-170.32 55.42-186.07 136-9.53 48.91 5 131.35-68.75 131.35C58.21 358.6 91.6 378.11 127 389.54c24.66-21.8 63.87-15.47 79.83 14.34 14.22 1 79.19 1.18 87.9.82a51.69 51.69 0 0 1 78.78-16.42zM205.12 187.13c0-34.74 50.84-34.75 50.84 0s-50.84 34.74-50.84 0zm116.57 0c0-34.74 50.86-34.75 50.86 0s-50.86 34.75-50.86 0zm-122.61 70.69c-3.44-16.94 22.18-22.18 25.62-5.21l.06.28c4.14 21.42 29.85 44 64.12 43.07 35.68-.94 59.25-22.21 64.11-42.77 4.46-16.05 28.6-10.36 25.47 6-5.23 22.18-31.21 62-91.46 62.9-42.55 0-80.88-27.84-87.9-64.25z\"><\/path><\/svg>\t\t\t<\/span>\n\t\t\t\t\t\t\t\t<div class=\"raven-button-texts-wrapper\">\n\t\t\t\t\t\t\t<div class=\"button-text\">\n\t\t\t\t\t\t\t\t<span class=\"raven-button-text\">\n\t\t\t\t\t\t\t\t\t\u00bfC\u00f3mo llegar?\t\t\t\t\t\t\t\t<\/span>\n\t\t\t\t\t\t\t<\/div>\n\t\t\t\t\t\t\t\t\t\t\t\t\t<\/div>\n\t\t\t\t\t\t\t\t\t\t\t<\/div>\n\t\t\t\t\t\n\t\t\t\t\t\t\t\t\t<\/span>\n\t\t\t<\/a>\t\t<\/div>\n\t\t\t\t\t\t<\/div>\n\t\t\t\t<\/div>\n\t\t\t\t\t<\/div>\n\t\t<\/div>\n\t\t\t\t\t<\/div>\n\t\t<\/section>\n\t\t\t\t<div class=\"elementor-element elementor-element-0166bc7 elementor-widget elementor-widget-text-editor\" data-id=\"0166bc7\" data-element_type=\"widget\" data-e-type=\"widget\" data-widget_type=\"text-editor.default\">\n\t\t\t\t<div class=\"elementor-widget-container\">\n\t\t\t\t\t\t\t\t\t<p><br><\/p><ul><li>\n<\/li>\n<\/ul>\t\t\t\t\t\t\t\t<\/div>\n\t\t\t\t<\/div>\n\t\t\t\t\t<\/div>\n\t\t<\/div>\n\t\t\t\t\t<\/div>\n\t\t<\/section>\n\t\t\t\t<section class=\"elementor-section elementor-top-section elementor-element elementor-element-5159b21 elementor-section-stretched elementor-section-full_width elementor-section-height-default elementor-section-height-default elementor-invisible\" data-id=\"5159b21\" data-element_type=\"section\" data-e-type=\"section\" data-settings=\"{&quot;stretch_section&quot;:&quot;section-stretched&quot;,&quot;animation&quot;:&quot;fadeInUp&quot;,&quot;background_background&quot;:&quot;gradient&quot;}\">\n\t\t\t\t\t\t\t<div class=\"elementor-background-overlay\"><\/div>\n\t\t\t\t\t\t\t<div class=\"elementor-container elementor-column-gap-no\">\n\t\t\t\t\t<div class=\"elementor-column elementor-col-100 elementor-top-column elementor-element elementor-element-5207280\" data-id=\"5207280\" data-element_type=\"column\" data-e-type=\"column\">\n\t\t\t<div class=\"elementor-widget-wrap elementor-element-populated\">\n\t\t\t\t\t\t<div class=\"elementor-element elementor-element-2cfb685 elementor-widget elementor-widget-text-editor\" data-id=\"2cfb685\" data-element_type=\"widget\" data-e-type=\"widget\" data-widget_type=\"text-editor.default\">\n\t\t\t\t<div class=\"elementor-widget-container\">\n\t\t\t\t\t\t\t\t\t<p><iframe style=\"border: 0;\" src=\"https:\/\/www.google.com\/maps\/embed?pb=!1m18!1m12!1m3!1d3929.9570473780013!2d-84.96943122656775!3d9.937531974109785!2m3!1f0!2f0!3f0!3m2!1i1024!2i768!4f13.1!3m3!1m2!1s0x8f9f81d535e57aa5%3A0x926778dee1691896!2sOPacifico%20Hotel%20Boutique!5e0!3m2!1ses-419!2scr!4v1708473708465!5m2!1ses-419!2scr\" width=\"600\" height=\"400\" allowfullscreen=\"allowfullscreen\"><\/iframe><\/p>\t\t\t\t\t\t\t\t<\/div>\n\t\t\t\t<\/div>\n\t\t\t\t\t<\/div>\n\t\t<\/div>\n\t\t\t\t\t<\/div>\n\t\t<\/section>\n\t\t\t\t<\/div>\n\t\t","protected":false},"excerpt":{"rendered":"<p>C\u00f3mo llegar O\u00b4Pac\u00edfico Hotel se encuentra ubicado en Puntarenas, Playa Naranjo.\u00a0 Ver opciones en carretera Desde el Aeropuerto Internacional Juan Santamar\u00eda (SJO) la v\u00eda m\u00e1s r\u00e1pida es la autopista 27 hacia Puntarenas, buscando el puerto de salida del ferry a Playa Naranjo. El ferry dura aproximadamente 1 hora y 30 minutos y ofrece hermosas vistas [&hellip;]<\/p>\n","protected":false},"author":1,"featured_media":0,"parent":0,"menu_order":0,"comment_status":"closed","ping_status":"closed","template":"","meta":{"_joinchat":[],"footnotes":""},"class_list":["post-2346","page","type-page","status-publish","hentry"],"yoast_head":"<!-- This site is optimized with the Yoast SEO plugin v26.9 - https:\/\/yoast.com\/product\/yoast-seo-wordpress\/ -->\n<title>Descubre Playa Naranjo: Una Joya Escondida en el Golfo de Nicoya, Costa Rica<\/title>\n<meta name=\"description\" content=\"Experimenta la belleza serena de Playa Naranjo, con playas v\u00edrgenes, deportes acu\u00e1ticos y atracciones locales en el coraz\u00f3n del Golfo de Nicoya en Costa Rica.\" \/>\n<meta name=\"robots\" content=\"index, follow, max-snippet:-1, max-image-preview:large, max-video-preview:-1\" \/>\n<link rel=\"canonical\" href=\"https:\/\/www.opacificohotel.com\/es\/como-llegar\/\" \/>\n<meta property=\"og:locale\" content=\"es_ES\" \/>\n<meta property=\"og:type\" content=\"article\" \/>\n<meta property=\"og:title\" content=\"Descubre Playa Naranjo: Una Joya Escondida en el Golfo de Nicoya, Costa Rica\" \/>\n<meta property=\"og:description\" content=\"Experimenta la belleza serena de Playa Naranjo, con playas v\u00edrgenes, deportes acu\u00e1ticos y atracciones locales en el coraz\u00f3n del Golfo de Nicoya en Costa Rica.\" \/>\n<meta property=\"og:url\" content=\"https:\/\/www.opacificohotel.com\/es\/como-llegar\/\" \/>\n<meta property=\"og:site_name\" content=\"OPacifico Hotel Boutique\" \/>\n<meta property=\"article:publisher\" content=\"https:\/\/www.facebook.com\/OPacificoHotel\/\" \/>\n<meta property=\"article:modified_time\" content=\"2026-02-18T07:02:00+00:00\" \/>\n<meta property=\"og:image\" content=\"https:\/\/www.opacificohotel.com\/wp-content\/uploads\/2024\/03\/intro-2.jpg\" \/>\n\t<meta property=\"og:image:width\" content=\"1024\" \/>\n\t<meta property=\"og:image:height\" content=\"683\" \/>\n\t<meta property=\"og:image:type\" content=\"image\/jpeg\" \/>\n<meta name=\"twitter:card\" content=\"summary_large_image\" \/>\n<meta name=\"twitter:label1\" content=\"Tiempo de lectura\" \/>\n\t<meta name=\"twitter:data1\" content=\"3 minutos\" \/>\n<script type=\"application\/ld+json\" class=\"yoast-schema-graph\">{\"@context\":\"https:\/\/schema.org\",\"@graph\":[{\"@type\":\"WebPage\",\"@id\":\"https:\/\/www.opacificohotel.com\/es\/como-llegar\/\",\"url\":\"https:\/\/www.opacificohotel.com\/es\/como-llegar\/\",\"name\":\"Descubre Playa Naranjo: Una Joya Escondida en el Golfo de Nicoya, Costa Rica\",\"isPartOf\":{\"@id\":\"https:\/\/www.opacificohotel.com\/es\/#website\"},\"datePublished\":\"2025-09-08T15:41:21+00:00\",\"dateModified\":\"2026-02-18T07:02:00+00:00\",\"description\":\"Experimenta la belleza serena de Playa Naranjo, con playas v\u00edrgenes, deportes acu\u00e1ticos y atracciones locales en el coraz\u00f3n del Golfo de Nicoya en Costa Rica.\",\"breadcrumb\":{\"@id\":\"https:\/\/www.opacificohotel.com\/es\/como-llegar\/#breadcrumb\"},\"inLanguage\":\"es\",\"potentialAction\":[{\"@type\":\"ReadAction\",\"target\":[\"https:\/\/www.opacificohotel.com\/es\/como-llegar\/\"]}]},{\"@type\":\"BreadcrumbList\",\"@id\":\"https:\/\/www.opacificohotel.com\/es\/como-llegar\/#breadcrumb\",\"itemListElement\":[{\"@type\":\"ListItem\",\"position\":1,\"name\":\"Home\",\"item\":\"https:\/\/www.opacificohotel.com\/es\/\"},{\"@type\":\"ListItem\",\"position\":2,\"name\":\"C\u00f3mo llegar\"}]},{\"@type\":\"WebSite\",\"@id\":\"https:\/\/www.opacificohotel.com\/es\/#website\",\"url\":\"https:\/\/www.opacificohotel.com\/es\/\",\"name\":\"OPacifico Hotel Boutique\",\"description\":\"Overlooking the sea Playa Naranjo, Costa Rica\",\"publisher\":{\"@id\":\"https:\/\/www.opacificohotel.com\/es\/#organization\"},\"potentialAction\":[{\"@type\":\"SearchAction\",\"target\":{\"@type\":\"EntryPoint\",\"urlTemplate\":\"https:\/\/www.opacificohotel.com\/es\/?s={search_term_string}\"},\"query-input\":{\"@type\":\"PropertyValueSpecification\",\"valueRequired\":true,\"valueName\":\"search_term_string\"}}],\"inLanguage\":\"es\"},{\"@type\":\"Organization\",\"@id\":\"https:\/\/www.opacificohotel.com\/es\/#organization\",\"name\":\"OPacifico Hotel Boutique\",\"url\":\"https:\/\/www.opacificohotel.com\/es\/\",\"logo\":{\"@type\":\"ImageObject\",\"inLanguage\":\"es\",\"@id\":\"https:\/\/www.opacificohotel.com\/es\/#\/schema\/logo\/image\/\",\"url\":\"https:\/\/www.opacificohotel.com\/wp-content\/uploads\/2024\/08\/logo-h-web-opacifich.png\",\"contentUrl\":\"https:\/\/www.opacificohotel.com\/wp-content\/uploads\/2024\/08\/logo-h-web-opacifich.png\",\"width\":640,\"height\":150,\"caption\":\"OPacifico Hotel Boutique\"},\"image\":{\"@id\":\"https:\/\/www.opacificohotel.com\/es\/#\/schema\/logo\/image\/\"},\"sameAs\":[\"https:\/\/www.facebook.com\/OPacificoHotel\/\",\"https:\/\/www.instagram.com\/opacificohotel\/\"]}]}<\/script>\n<!-- \/ Yoast SEO plugin. -->","yoast_head_json":{"title":"Descubre Playa Naranjo: Una Joya Escondida en el Golfo de Nicoya, Costa Rica","description":"Experimenta la belleza serena de Playa Naranjo, con playas v\u00edrgenes, deportes acu\u00e1ticos y atracciones locales en el coraz\u00f3n del Golfo de Nicoya en Costa Rica.","robots":{"index":"index","follow":"follow","max-snippet":"max-snippet:-1","max-image-preview":"max-image-preview:large","max-video-preview":"max-video-preview:-1"},"canonical":"https:\/\/www.opacificohotel.com\/es\/como-llegar\/","og_locale":"es_ES","og_type":"article","og_title":"Descubre Playa Naranjo: Una Joya Escondida en el Golfo de Nicoya, Costa Rica","og_description":"Experimenta la belleza serena de Playa Naranjo, con playas v\u00edrgenes, deportes acu\u00e1ticos y atracciones locales en el coraz\u00f3n del Golfo de Nicoya en Costa Rica.","og_url":"https:\/\/www.opacificohotel.com\/es\/como-llegar\/","og_site_name":"OPacifico Hotel Boutique","article_publisher":"https:\/\/www.facebook.com\/OPacificoHotel\/","article_modified_time":"2026-02-18T07:02:00+00:00","og_image":[{"width":1024,"height":683,"url":"https:\/\/www.opacificohotel.com\/wp-content\/uploads\/2024\/03\/intro-2.jpg","type":"image\/jpeg"}],"twitter_card":"summary_large_image","twitter_misc":{"Tiempo de lectura":"3 minutos"},"schema":{"@context":"https:\/\/schema.org","@graph":[{"@type":"WebPage","@id":"https:\/\/www.opacificohotel.com\/es\/como-llegar\/","url":"https:\/\/www.opacificohotel.com\/es\/como-llegar\/","name":"Descubre Playa Naranjo: Una Joya Escondida en el Golfo de Nicoya, Costa Rica","isPartOf":{"@id":"https:\/\/www.opacificohotel.com\/es\/#website"},"datePublished":"2025-09-08T15:41:21+00:00","dateModified":"2026-02-18T07:02:00+00:00","description":"Experimenta la belleza serena de Playa Naranjo, con playas v\u00edrgenes, deportes acu\u00e1ticos y atracciones locales en el coraz\u00f3n del Golfo de Nicoya en Costa Rica.","breadcrumb":{"@id":"https:\/\/www.opacificohotel.com\/es\/como-llegar\/#breadcrumb"},"inLanguage":"es","potentialAction":[{"@type":"ReadAction","target":["https:\/\/www.opacificohotel.com\/es\/como-llegar\/"]}]},{"@type":"BreadcrumbList","@id":"https:\/\/www.opacificohotel.com\/es\/como-llegar\/#breadcrumb","itemListElement":[{"@type":"ListItem","position":1,"name":"Home","item":"https:\/\/www.opacificohotel.com\/es\/"},{"@type":"ListItem","position":2,"name":"C\u00f3mo llegar"}]},{"@type":"WebSite","@id":"https:\/\/www.opacificohotel.com\/es\/#website","url":"https:\/\/www.opacificohotel.com\/es\/","name":"OPacifico Hotel Boutique","description":"Overlooking the sea Playa Naranjo, Costa Rica","publisher":{"@id":"https:\/\/www.opacificohotel.com\/es\/#organization"},"potentialAction":[{"@type":"SearchAction","target":{"@type":"EntryPoint","urlTemplate":"https:\/\/www.opacificohotel.com\/es\/?s={search_term_string}"},"query-input":{"@type":"PropertyValueSpecification","valueRequired":true,"valueName":"search_term_string"}}],"inLanguage":"es"},{"@type":"Organization","@id":"https:\/\/www.opacificohotel.com\/es\/#organization","name":"OPacifico Hotel Boutique","url":"https:\/\/www.opacificohotel.com\/es\/","logo":{"@type":"ImageObject","inLanguage":"es","@id":"https:\/\/www.opacificohotel.com\/es\/#\/schema\/logo\/image\/","url":"https:\/\/www.opacificohotel.com\/wp-content\/uploads\/2024\/08\/logo-h-web-opacifich.png","contentUrl":"https:\/\/www.opacificohotel.com\/wp-content\/uploads\/2024\/08\/logo-h-web-opacifich.png","width":640,"height":150,"caption":"OPacifico Hotel Boutique"},"image":{"@id":"https:\/\/www.opacificohotel.com\/es\/#\/schema\/logo\/image\/"},"sameAs":["https:\/\/www.facebook.com\/OPacificoHotel\/","https:\/\/www.instagram.com\/opacificohotel\/"]}]}},"_links":{"self":[{"href":"https:\/\/www.opacificohotel.com\/es\/wp-json\/wp\/v2\/pages\/2346","targetHints":{"allow":["GET"]}}],"collection":[{"href":"https:\/\/www.opacificohotel.com\/es\/wp-json\/wp\/v2\/pages"}],"about":[{"href":"https:\/\/www.opacificohotel.com\/es\/wp-json\/wp\/v2\/types\/page"}],"author":[{"embeddable":true,"href":"https:\/\/www.opacificohotel.com\/es\/wp-json\/wp\/v2\/users\/1"}],"replies":[{"embeddable":true,"href":"https:\/\/www.opacificohotel.com\/es\/wp-json\/wp\/v2\/comments?post=2346"}],"version-history":[{"count":104,"href":"https:\/\/www.opacificohotel.com\/es\/wp-json\/wp\/v2\/pages\/2346\/revisions"}],"predecessor-version":[{"id":3247,"href":"https:\/\/www.opacificohotel.com\/es\/wp-json\/wp\/v2\/pages\/2346\/revisions\/3247"}],"wp:attachment":[{"href":"https:\/\/www.opacificohotel.com\/es\/wp-json\/wp\/v2\/media?parent=2346"}],"curies":[{"name":"wp","href":"https:\/\/api.w.org\/{rel}","templated":true}]}}